{"id":278,"date":"2014-07-26T21:20:21","date_gmt":"2014-07-26T21:20:21","guid":{"rendered":"http:\/\/www.sinkeli.net\/?page_id=278"},"modified":"2021-07-07T15:51:21","modified_gmt":"2021-07-07T15:51:21","slug":"como-una-cabra","status":"publish","type":"page","link":"http:\/\/www.sinkeli.net\/?page_id=278","title":{"rendered":"Hasta arriba!"},"content":{"rendered":"\n<div class=\"wp-block-columns is-layout-flex wp-container-core-columns-is-layout-9d6595d7 wp-block-columns-is-layout-flex\">\n<div class=\"wp-block-column is-layout-flow wp-block-column-is-layout-flow\">\n<p class=\"has-medium-font-size\">    Desprop\u00f3sitos de un payaso encaramado a una escalera que no tiene muy claro si su sitio est\u00e1 en el cielo o en la tierra\u2026.. aunque al final, con la ayuda del p\u00fablico descubrir\u00e1 que la cuesti\u00f3n es \u2026. <\/p>\n\n\n\n<p class=\"has-medium-font-size\">&#8230;&#8230;. que est\u00e1 en las nubes!<\/p>\n<\/div>\n\n\n\n<div class=\"wp-block-column is-layout-flow wp-block-column-is-layout-flow\">\n<div class=\"wp-block-image\"><figure class=\"aligncenter is-resized\"><img loading=\"lazy\" decoding=\"async\" src=\"http:\/\/www.sinkeli.net\/wp-content\/uploads\/2021\/07\/escalera_boceto1-674x1024.jpg\" alt=\"\" class=\"wp-image-524\" width=\"227\" height=\"345\" srcset=\"http:\/\/www.sinkeli.net\/wp-content\/uploads\/2021\/07\/escalera_boceto1-674x1024.jpg 674w, http:\/\/www.sinkeli.net\/wp-content\/uploads\/2021\/07\/escalera_boceto1-198x300.jpg 198w, http:\/\/www.sinkeli.net\/wp-content\/uploads\/2021\/07\/escalera_boceto1-620x941.jpg 620w, http:\/\/www.sinkeli.net\/wp-content\/uploads\/2021\/07\/escalera_boceto1.jpg 766w\" sizes=\"auto, (max-width: 227px) 100vw, 227px\" \/><\/figure><\/div>\n<\/div>\n<\/div>\n\n\n\n<p class=\"has-medium-font-size\"><span style=\"color: #000000;\"><strong>El video<\/strong> &#8230;.<\/span><\/p>\n\n\n\n<p><iframe loading=\"lazy\" src=\"https:\/\/player.vimeo.com\/video\/273762945\" allowfullscreen=\"allowfullscreen\" width=\"640\" height=\"360\" frameborder=\"0\"><\/iframe><\/p>\n\n\n\n<p class=\"has-medium-font-size\"><span style=\"color: #000000;\"><strong>Las fotos<\/strong>&#8230;&#8230;<\/span><\/p>\n\n\n<div class=\"cycloneslider cycloneslider-template-thumbnails cycloneslider-width-responsive\" id=\"cycloneslider-completely-bonkers-1\" style=\"max-width:600px\" ><div class=\"cycloneslider-slides cycle-slideshow\"\tdata-cycle-allow-wrap=\"true\" data-cycle-dynamic-height=\"off\" data-cycle-auto-height=\"600:400\" data-cycle-auto-height-easing=\"null\" data-cycle-auto-height-speed=\"250\" data-cycle-delay=\"0\" data-cycle-easing=\"\" data-cycle-fx=\"fade\" data-cycle-hide-non-active=\"true\" data-cycle-log=\"false\" data-cycle-next=\"#cycloneslider-completely-bonkers-1 .cycloneslider-next\" data-cycle-pager=\"#cycloneslider-completely-bonkers-1 .cycloneslider-pager\" data-cycle-pause-on-hover=\"true\" data-cycle-prev=\"#cycloneslider-completely-bonkers-1 .cycloneslider-prev\" data-cycle-slides=\"&gt; div\" data-cycle-speed=\"1000\" data-cycle-swipe=\"false\" data-cycle-tile-count=\"7\" data-cycle-tile-delay=\"100\" data-cycle-tile-vertical=\"true\" data-cycle-timeout=\"4000\"\t> <div class=\"cycloneslider-slide cycloneslider-slide-image\" > <img decoding=\"async\" src=\"http:\/\/www.sinkeli.net\/wp-content\/uploads\/2018\/04\/13346922_1047010338711454_1331351866034464529_n-600x400.jpg\" alt=\"\" title=\"\" \/> <\/div> <div class=\"cycloneslider-slide cycloneslider-slide-image\" > <img decoding=\"async\" src=\"http:\/\/www.sinkeli.net\/wp-content\/uploads\/2018\/04\/13406815_1047010325378122_1820755665450613958_n-600x400.jpg\" alt=\"\" title=\"\" \/> <\/div> <div class=\"cycloneslider-slide cycloneslider-slide-image\" > <img decoding=\"async\" src=\"http:\/\/www.sinkeli.net\/wp-content\/uploads\/2018\/04\/12919735_1070620609648023_1739896366428407760_n-600x400.jpg\" alt=\"\" title=\"\" \/> <\/div> <div class=\"cycloneslider-slide cycloneslider-slide-image\" > <img decoding=\"async\" src=\"http:\/\/www.sinkeli.net\/wp-content\/uploads\/2018\/04\/13392202_1201286916572130_2823613940042768493_o-600x400.jpg\" alt=\"\" title=\"\" \/> <\/div> <div class=\"cycloneslider-slide cycloneslider-slide-image\" > <img decoding=\"async\" src=\"http:\/\/www.sinkeli.net\/wp-content\/uploads\/2018\/04\/12065891_983619118348173_6846920855715905772_n-600x400.jpg\" alt=\"\" title=\"\" \/> <\/div> <div class=\"cycloneslider-slide cycloneslider-slide-image\" > <img decoding=\"async\" src=\"http:\/\/www.sinkeli.net\/wp-content\/uploads\/2018\/04\/Captura-de-pantalla-de-00017.MTS_-600x400.png\" alt=\"\" title=\"\" \/> <\/div> <div class=\"cycloneslider-slide cycloneslider-slide-image\" > <img decoding=\"async\" src=\"http:\/\/www.sinkeli.net\/wp-content\/uploads\/2018\/04\/1929000_1070620886314662_3896832007141835369_n-600x400.jpg\" alt=\"\" title=\"\" \/> <\/div> <div class=\"cycloneslider-slide cycloneslider-slide-image\" > <img decoding=\"async\" src=\"http:\/\/www.sinkeli.net\/wp-content\/uploads\/2014\/02\/DSC0057911-600x400.jpg\" alt=\"\" title=\"\" \/> <\/div> <\/div><div class=\"cycloneslider-prev\"><\/div><div class=\"cycloneslider-next\"><\/div><\/div><div id=\"cycloneslider-completely-bonkers-1-pager\" class=\"cycloneslider-template-thumbnails cycloneslider-thumbnails\"\tstyle=\"max-width:600px\" ><ul class=\"clearfix\"> <li><img loading=\"lazy\" decoding=\"async\" src=\"http:\/\/www.sinkeli.net\/wp-content\/uploads\/2018\/04\/13346922_1047010338711454_1331351866034464529_n-40x40.jpg\" width=\"40\" height=\"40\" alt=\"\" title=\"\" \/><\/li> <li><img loading=\"lazy\" decoding=\"async\" src=\"http:\/\/www.sinkeli.net\/wp-content\/uploads\/2018\/04\/13406815_1047010325378122_1820755665450613958_n-40x40.jpg\" width=\"40\" height=\"40\" alt=\"\" title=\"\" \/><\/li> <li><img loading=\"lazy\" decoding=\"async\" src=\"http:\/\/www.sinkeli.net\/wp-content\/uploads\/2018\/04\/12919735_1070620609648023_1739896366428407760_n-40x40.jpg\" width=\"40\" height=\"40\" alt=\"\" title=\"\" \/><\/li> <li><img loading=\"lazy\" decoding=\"async\" src=\"http:\/\/www.sinkeli.net\/wp-content\/uploads\/2018\/04\/13392202_1201286916572130_2823613940042768493_o-40x40.jpg\" width=\"40\" height=\"40\" alt=\"\" title=\"\" \/><\/li> <li><img loading=\"lazy\" decoding=\"async\" src=\"http:\/\/www.sinkeli.net\/wp-content\/uploads\/2018\/04\/12065891_983619118348173_6846920855715905772_n-40x40.jpg\" width=\"40\" height=\"40\" alt=\"\" title=\"\" \/><\/li> <li><img loading=\"lazy\" decoding=\"async\" src=\"http:\/\/www.sinkeli.net\/wp-content\/uploads\/2018\/04\/Captura-de-pantalla-de-00017.MTS_-40x40.png\" width=\"40\" height=\"40\" alt=\"\" title=\"\" \/><\/li> <li><img loading=\"lazy\" decoding=\"async\" src=\"http:\/\/www.sinkeli.net\/wp-content\/uploads\/2018\/04\/1929000_1070620886314662_3896832007141835369_n-40x40.jpg\" width=\"40\" height=\"40\" alt=\"\" title=\"\" \/><\/li> <li><img loading=\"lazy\" decoding=\"async\" src=\"http:\/\/www.sinkeli.net\/wp-content\/uploads\/2014\/02\/DSC0057911-40x40.jpg\" width=\"40\" height=\"40\" alt=\"\" title=\"\" \/><\/li> <\/ul><\/div>\n","protected":false},"excerpt":{"rendered":"<p>Desprop\u00f3sitos de un payaso encaramado a una escalera que no tiene muy claro si su sitio est\u00e1 en el cielo o en la tierra\u2026.. aunque al final, con la ayuda del p\u00fablico descubrir\u00e1 que la cuesti\u00f3n es \u2026. &#8230;&#8230;. que est\u00e1 en las nubes! El video &#8230;. Las fotos&#8230;&#8230;<\/p>\n","protected":false},"author":1,"featured_media":0,"parent":0,"menu_order":0,"comment_status":"closed","ping_status":"closed","template":"","meta":{"footnotes":""},"class_list":["post-278","page","type-page","status-publish","hentry"],"_links":{"self":[{"href":"http:\/\/www.sinkeli.net\/index.php?rest_route=\/wp\/v2\/pages\/278","targetHints":{"allow":["GET"]}}],"collection":[{"href":"http:\/\/www.sinkeli.net\/index.php?rest_route=\/wp\/v2\/pages"}],"about":[{"href":"http:\/\/www.sinkeli.net\/index.php?rest_route=\/wp\/v2\/types\/page"}],"author":[{"embeddable":true,"href":"http:\/\/www.sinkeli.net\/index.php?rest_route=\/wp\/v2\/users\/1"}],"replies":[{"embeddable":true,"href":"http:\/\/www.sinkeli.net\/index.php?rest_route=%2Fwp%2Fv2%2Fcomments&post=278"}],"version-history":[{"count":17,"href":"http:\/\/www.sinkeli.net\/index.php?rest_route=\/wp\/v2\/pages\/278\/revisions"}],"predecessor-version":[{"id":578,"href":"http:\/\/www.sinkeli.net\/index.php?rest_route=\/wp\/v2\/pages\/278\/revisions\/578"}],"wp:attachment":[{"href":"http:\/\/www.sinkeli.net\/index.php?rest_route=%2Fwp%2Fv2%2Fmedia&parent=278"}],"curies":[{"name":"wp","href":"https:\/\/api.w.org\/{rel}","templated":true}]}}